{"id":361,"date":"2022-10-28T14:07:34","date_gmt":"2022-10-28T14:07:34","guid":{"rendered":"https:\/\/startersites.io\/elementor\/restaurant\/?page_id=361"},"modified":"2025-12-05T18:12:24","modified_gmt":"2025-12-05T17:12:24","slug":"contact","status":"publish","type":"page","link":"https:\/\/latelierdestab.com\/index.php\/contact\/","title":{"rendered":"CONTACT"},"content":{"rendered":"\t\t<div data-elementor-type=\"wp-page\" data-elementor-id=\"361\" class=\"elementor elementor-361\" data-elementor-post-type=\"page\">\n\t\t\t\t<div class=\"elementor-element elementor-element-b2a44be e-con-full e-flex e-con e-parent\" data-id=\"b2a44be\" data-element_type=\"container\" data-e-type=\"container\" data-settings=\"{&quot;background_background&quot;:&quot;slideshow&quot;,&quot;background_slideshow_gallery&quot;:[{&quot;id&quot;:1191,&quot;url&quot;:&quot;https:\\\/\\\/latelierdestab.com\\\/wp-content\\\/uploads\\\/2025\\\/08\\\/2023-07-16-scaled.jpg&quot;}],&quot;background_slideshow_loop&quot;:&quot;yes&quot;,&quot;background_slideshow_slide_duration&quot;:5000,&quot;background_slideshow_slide_transition&quot;:&quot;fade&quot;,&quot;background_slideshow_transition_duration&quot;:500}\">\n\t\t\t\t<div class=\"elementor-element elementor-element-ed21035 elementor-widget elementor-widget-html\" data-id=\"ed21035\" data-element_type=\"widget\" data-e-type=\"widget\" data-widget_type=\"html.default\">\n\t\t\t\t<div class=\"elementor-widget-container\">\n\t\t\t\t\t<div style=\"text-align:center; padding:100px 20px; color:#fff;\">\r\n  <!-- Ic\u00f4ne contact -->\r\n  <div style=\"font-size:38px; margin-bottom:18px; animation: bounce 1.6s infinite;\">\r\n    \ud83d\udcde\r\n  <\/div>\r\n\r\n  <!-- Titre principal -->\r\n  <h1 style=\"font-size:52px; font-weight:900; letter-spacing:1.6px; margin:0 auto 14px auto;\">\r\n    CONTACTEZ-NOUS\r\n  <\/h1>\r\n\r\n  <!-- Sous-titre -->\r\n  <div style=\"font-size:18px; opacity:0.85; letter-spacing:1px;\">\r\n    L\u2019\u00e9quipe de L\u2019Atelier des Tab vous r\u00e9pond <b>7j\/7<\/b>, par t\u00e9l\u00e9phone ou via le formulaire ci-dessous.\r\n  <\/div>\r\n<\/div>\r\n\r\n<style>\r\n@keyframes bounce {\r\n  0%, 100% { transform: translateY(0); }\r\n  50% { transform: translateY(-10px); }\r\n}\r\n<\/style>\r\n\t\t\t\t<\/div>\n\t\t\t\t<\/div>\n\t\t\t\t<div class=\"elementor-element elementor-element-0ef2c89 ct-animated-scroll-icon elementor-view-default elementor-widget elementor-widget-icon\" data-id=\"0ef2c89\" data-element_type=\"widget\" data-e-type=\"widget\" data-widget_type=\"icon.default\">\n\t\t\t\t<div class=\"elementor-widget-container\">\n\t\t\t\t\t\t\t<div class=\"elementor-icon-wrapper\">\n\t\t\t<div class=\"elementor-icon\">\n\t\t\t<svg xmlns=\"http:\/\/www.w3.org\/2000\/svg\" viewBox=\"0 0 50 50\"><path d=\"M25 0C16.4 0 9.4 7 9.4 15.6v18.8a15.6 15.6 0 0 0 31.2 0V15.6C40.6 7 33.6 0 25 0zm12.5 34.4a12.5 12.5 0 0 1-25 0V15.6a12.5 12.5 0 0 1 25 0v18.8z\"><\/path><circle cx=\"25\" cy=\"11.6\" r=\"4\"><\/circle><\/svg>\t\t\t<\/div>\n\t\t<\/div>\n\t\t\t\t\t\t<\/div>\n\t\t\t\t<\/div>\n\t\t\t\t<\/div>\n\t\t<div class=\"elementor-element elementor-element-ad8ce91 e-flex e-con-boxed e-con e-parent\" data-id=\"ad8ce91\" data-element_type=\"container\" data-e-type=\"container\" data-settings=\"{&quot;background_background&quot;:&quot;classic&quot;}\">\n\t\t\t\t\t<div class=\"e-con-inner\">\n\t\t<div class=\"elementor-element elementor-element-8cadd8f e-con-full e-flex e-con e-child\" data-id=\"8cadd8f\" data-element_type=\"container\" data-e-type=\"container\">\n\t\t\t\t<div class=\"elementor-element elementor-element-0c1886e elementor-widget elementor-widget-html\" data-id=\"0c1886e\" data-element_type=\"widget\" data-e-type=\"widget\" data-widget_type=\"html.default\">\n\t\t\t\t<div class=\"elementor-widget-container\">\n\t\t\t\t\t<!-- \r\n    COPIEZ CE CODE DANS VOTRE WIDGET HTML \/ ELEMENTOR \r\n    Il contient le style et la structure am\u00e9lior\u00e9e.\r\n-->\r\n<link href=\"https:\/\/cdnjs.cloudflare.com\/ajax\/libs\/font-awesome\/6.4.0\/css\/all.min.css\" rel=\"stylesheet\">\r\n<link href=\"https:\/\/fonts.googleapis.com\/css2?family=Montserrat:wght@400;600;700&display=swap\" rel=\"stylesheet\">\r\n\r\n<section style=\"\r\n    max-width: 480px; \r\n    margin: 0 auto; \r\n    padding: 35px 30px; \r\n    border-radius: 20px; \r\n    background: linear-gradient(135deg, #0b0b2c 0%, #1c1c4e 100%); \r\n    color: #fff; \r\n    font-family: 'Montserrat', sans-serif; \r\n    box-shadow: 0 15px 40px rgba(0,0,0,0.3);\r\n    border: 1px solid rgba(255,255,255,0.1);\r\n    text-align: left;\r\n\">\r\n\r\n    <!-- Titre -->\r\n    <h2 style=\"\r\n        font-size: 26px; \r\n        font-weight: 700; \r\n        margin-bottom: 20px; \r\n        text-transform: uppercase; \r\n        letter-spacing: 1px;\r\n        border-bottom: 2px solid #d4af37;\r\n        display: inline-block;\r\n        padding-bottom: 5px;\r\n    \">Contactez-nous<\/h2>\r\n\r\n    <!-- Intro -->\r\n    <p style=\"\r\n        font-size: 15px; \r\n        line-height: 1.6; \r\n        margin-bottom: 30px; \r\n        color: #e0e0e0;\r\n    \">\r\n        Une question ou une r\u00e9servation ?<br>\r\n        Nous r\u00e9pondons <strong>7j\/7<\/strong> par t\u00e9l\u00e9phone ou message.\r\n    <\/p>\r\n\r\n    <!-- Infos -->\r\n    <div style=\"font-size: 15px; line-height: 1.8; margin-bottom: 30px;\">\r\n\r\n        <div style=\"margin-bottom: 15px;\">\r\n            <span style=\"font-size: 18px; margin-right: 10px;\">\ud83d\udccd<\/span>\r\n            <strong style=\"color: #d4af37;\">Adresse<\/strong><br>\r\n            <span style=\"color: #ccc; margin-left: 32px; display: block;\">\r\n                4 Rue Saint Martin la Corneille<br>\r\n                27370 Saint-Pierre-des-Fleurs\r\n            <\/span>\r\n        <\/div>\r\n\r\n        <div style=\"margin-bottom: 15px;\">\r\n            <span style=\"font-size: 18px; margin-right: 10px;\">\ud83d\udcde<\/span>\r\n            <strong style=\"color: #d4af37;\">T\u00e9l\u00e9phone<\/strong><br>\r\n            <a href=\"tel:+33620723238\" style=\"\r\n                color: #fff; \r\n                text-decoration: none; \r\n                font-weight: 600; \r\n                margin-left: 32px; \r\n                display: block;\r\n                transition: color 0.3s;\r\n            \" onmouseover=\"this.style.color='#d4af37'\" onmouseout=\"this.style.color='#fff'\">\r\n                +33 (0)6 20 72 32 38\r\n            <\/a>\r\n        <\/div>\r\n\r\n        <div style=\"margin-bottom: 15px;\">\r\n            <span style=\"font-size: 18px; margin-right: 10px;\">\u2709\ufe0f<\/span>\r\n            <strong style=\"color: #d4af37;\">Email<\/strong><br>\r\n            <a href=\"mailto:latelierdestab@gmail.com\" style=\"\r\n                color: #aad4ff; \r\n                text-decoration: none; \r\n                margin-left: 32px; \r\n                display: block;\r\n            \">latelierdestab@gmail.com<\/a>\r\n        <\/div>\r\n\r\n    <\/div>\r\n\r\n    <!-- R\u00e9seaux Sociaux -->\r\n    <div style=\"\r\n        margin-top: 25px; \r\n        padding-top: 20px; \r\n        border-top: 1px solid rgba(255,255,255,0.1); \r\n        text-align: center;\r\n    \">\r\n        <p style=\"\r\n            margin-bottom: 20px; \r\n            font-size: 16px; \r\n            font-weight: 600; \r\n            color: #d4af37; \r\n            text-transform: uppercase; \r\n            letter-spacing: 1px;\r\n        \">\r\n            Suivez-nous sur les r\u00e9seaux\r\n        <\/p>\r\n        <div style=\"\r\n            display: flex; \r\n        gap: 15px; \r\n        justify-content: center;\r\n    \">\r\n            <!-- Facebook -->\r\n            <a href=\"https:\/\/www.facebook.com\/latelierdestab\" target=\"_blank\" style=\"\r\n            display: flex; align-items: center; justify-content: center;\r\n            width: 45px; height: 45px; \r\n            background: rgba(255,255,255,0.1); \r\n            border-radius: 50%; \r\n            color: #fff; \r\n            text-decoration: none; \r\n            transition: all 0.3s;\r\n        \" onmouseover=\"this.style.background='#1877F2'; this.style.transform='translateY(-3px)'\"\r\n                onmouseout=\"this.style.background='rgba(255,255,255,0.1)'; this.style.transform='translateY(0)'\">\r\n                <i class=\"fab fa-facebook-f\" style=\"font-size: 20px;\"><\/i>\r\n            <\/a>\r\n\r\n            <!-- Instagram -->\r\n            <a href=\"https:\/\/www.instagram.com\/l_atelier_des_tab\" target=\"_blank\" style=\"\r\n            display: flex; align-items: center; justify-content: center;\r\n            width: 45px; height: 45px; \r\n            background: rgba(255,255,255,0.1); \r\n            border-radius: 50%; \r\n            color: #fff; \r\n            text-decoration: none; \r\n            transition: all 0.3s;\r\n        \" onmouseover=\"this.style.background='#E4405F'; this.style.transform='translateY(-3px)'\"\r\n                onmouseout=\"this.style.background='rgba(255,255,255,0.1)'; this.style.transform='translateY(0)'\">\r\n                <i class=\"fab fa-instagram\" style=\"font-size: 20px;\"><\/i>\r\n            <\/a>\r\n\r\n            <!-- Snapchat -->\r\n            <a href=\"https:\/\/www.snapchat.com\/add\/latelierdestab?share_id=DQwKURrwdt8&locale=fr-FR\" target=\"_blank\"\r\n                style=\"\r\n            display: flex; align-items: center; justify-content: center;\r\n            width: 45px; height: 45px; \r\n            background: rgba(255,255,255,0.1); \r\n            border-radius: 50%; \r\n            color: #fff; \r\n            text-decoration: none; \r\n            transition: all 0.3s;\r\n        \" onmouseover=\"this.style.background='#FFFC00'; this.style.color='#000'; this.style.transform='translateY(-3px)'\"\r\n                onmouseout=\"this.style.background='rgba(255,255,255,0.1)'; this.style.color='#fff'; this.style.transform='translateY(0)'\">\r\n                <i class=\"fab fa-snapchat-ghost\" style=\"font-size: 20px;\"><\/i>\r\n            <\/a>\r\n\r\n            <!-- TikTok -->\r\n            <a href=\"https:\/\/www.tiktok.com\/@l_atelier_des_tab?_r=1&_t=ZN-91x2cso705a\" target=\"_blank\" style=\"\r\n            display: flex; align-items: center; justify-content: center;\r\n            width: 45px; height: 45px; \r\n            background: rgba(255,255,255,0.1); \r\n            border-radius: 50%; \r\n            color: #fff; \r\n            text-decoration: none; \r\n            transition: all 0.3s;\r\n        \" onmouseover=\"this.style.background='#00f2ea'; this.style.transform='translateY(-3px)'\"\r\n                onmouseout=\"this.style.background='rgba(255,255,255,0.1)'; this.style.transform='translateY(0)'\">\r\n                <i class=\"fab fa-tiktok\" style=\"font-size: 20px;\"><\/i>\r\n            <\/a>\r\n        <\/div>\r\n    <\/div>\r\n\r\n<\/section>\t\t\t\t<\/div>\n\t\t\t\t<\/div>\n\t\t\t\t<\/div>\n\t\t<div class=\"elementor-element elementor-element-048a2c4 e-con-full e-flex e-con e-child\" data-id=\"048a2c4\" data-element_type=\"container\" data-e-type=\"container\">\n\t\t\t\t<div class=\"elementor-element elementor-element-b921bcb elementor-widget elementor-widget-google_maps\" data-id=\"b921bcb\" data-element_type=\"widget\" data-e-type=\"widget\" data-widget_type=\"google_maps.default\">\n\t\t\t\t<div class=\"elementor-widget-container\">\n\t\t\t\t\t\t\t<div class=\"elementor-custom-embed\">\n\t\t\t<iframe loading=\"lazy\"\n\t\t\t\t\tsrc=\"https:\/\/maps.google.com\/maps?q=4%20Rue%20Saint%20Martin%20La%20Corneille&#038;t=m&#038;z=10&#038;output=embed&#038;iwloc=near\"\n\t\t\t\t\ttitle=\"4 Rue Saint Martin La Corneille\"\n\t\t\t\t\taria-label=\"4 Rue Saint Martin La Corneille\"\n\t\t\t><\/iframe>\n\t\t<\/div>\n\t\t\t\t\t\t<\/div>\n\t\t\t\t<\/div>\n\t\t\t\t<\/div>\n\t\t\t\t\t<\/div>\n\t\t\t\t<\/div>\n\t\t<div class=\"elementor-element elementor-element-c9b95fc e-flex e-con-boxed e-con e-parent\" data-id=\"c9b95fc\" data-element_type=\"container\" data-e-type=\"container\" data-settings=\"{&quot;background_background&quot;:&quot;classic&quot;}\">\n\t\t\t\t\t<div class=\"e-con-inner\">\n\t\t\t\t<div class=\"elementor-element elementor-element-1453243 elementor-widget elementor-widget-html\" data-id=\"1453243\" data-element_type=\"widget\" data-e-type=\"widget\" data-widget_type=\"html.default\">\n\t\t\t\t<div class=\"elementor-widget-container\">\n\t\t\t\t\t<div style=\"max-width:1300px;margin:80px auto;padding:0 32px;\">\r\n  <!-- Accroche fine bleu -->\r\n  <div style=\"text-align:center;color:#2520A3;letter-spacing:2px;font-size:18px;font-weight:500;margin-bottom:20px;text-transform:uppercase;\">\r\n    Besoin de nous \u00e9crire ?\r\n  <\/div>\r\n\r\n  <!-- Titre principal -->\r\n  <h2 style=\"text-align:center;font-size:38px;font-weight:900;letter-spacing:1.2px;margin-bottom:0;text-transform:uppercase;color:#191919;\">\r\n    Une demande sp\u00e9cifique ou importante\r\n  <\/h2>\r\n\r\n  <!-- Trait fin bleu -->\r\n  <div style=\"\r\n    height:3px;\r\n    background:linear-gradient(to right, #2520A3 50%, transparent 100%);\r\n    border-radius:2px;\r\n    margin:20px auto 36px auto;\r\n    width:100%;\r\n    max-width: 1200px;\r\n  \"><\/div>\r\n\r\n  <!-- Texte centr\u00e9 -->\r\n  <div style=\"font-size:20px;line-height:1.85;text-align:center;color:#232323;max-width:800px;margin:0 auto;\">\r\n    Pour toute demande particuli\u00e8re, suggestion, proposition professionnelle ou message important, vous pouvez nous contacter directement via le formulaire ci-dessous.\r\n    <br>Nous vous r\u00e9pondrons dans les plus brefs d\u00e9lais.\r\n  <\/div>\r\n<\/div>\r\n\r\n<style>\r\n@media (max-width: 900px) {\r\n  .band-home-contact {\r\n    max-width: 100% !important;\r\n    padding: 0 10px !important;\r\n  }\r\n}\r\n<\/style>\r\n\t\t\t\t<\/div>\n\t\t\t\t<\/div>\n\t\t\t\t\t<\/div>\n\t\t\t\t<\/div>\n\t\t<div class=\"elementor-element elementor-element-7af7385 e-flex e-con-boxed e-con e-parent\" data-id=\"7af7385\" data-element_type=\"container\" data-e-type=\"container\">\n\t\t\t\t\t<div class=\"e-con-inner\">\n\t\t\t\t<div class=\"elementor-element elementor-element-f2ba0fa elementor-button-align-stretch elementor-widget elementor-widget-form\" data-id=\"f2ba0fa\" data-element_type=\"widget\" data-e-type=\"widget\" data-settings=\"{&quot;step_next_label&quot;:&quot;Suivant&quot;,&quot;step_previous_label&quot;:&quot;Pr\\u00e9c\\u00e9dent&quot;,&quot;button_width&quot;:&quot;100&quot;,&quot;step_type&quot;:&quot;number_text&quot;,&quot;step_icon_shape&quot;:&quot;circle&quot;}\" data-widget_type=\"form.default\">\n\t\t\t\t<div class=\"elementor-widget-container\">\n\t\t\t\t\t\t\t<form class=\"elementor-form\" method=\"post\" id=\"formulaire_contacte\" name=\"Nouveau formulaire\" aria-label=\"Nouveau formulaire\">\n\t\t\t<input type=\"hidden\" name=\"post_id\" value=\"361\"\/>\n\t\t\t<input type=\"hidden\" name=\"form_id\" value=\"f2ba0fa\"\/>\n\t\t\t<input type=\"hidden\" name=\"referer_title\" value=\"CONTACT\" \/>\n\n\t\t\t\t\t\t\t<input type=\"hidden\" name=\"queried_id\" value=\"361\"\/>\n\t\t\t\n\t\t\t<div class=\"elementor-form-fields-wrapper elementor-labels-above\">\n\t\t\t\t\t\t\t\t<div class=\"elementor-field-type-text elementor-field-group elementor-column elementor-field-group-name elementor-col-100\">\n\t\t\t\t\t\t\t\t\t\t\t\t<label for=\"form-field-name\" class=\"elementor-field-label\">\n\t\t\t\t\t\t\t\tVeuillez indiquer votre Nom et Pr\u00e9nom: \t\t\t\t\t\t\t<\/label>\n\t\t\t\t\t\t\t\t\t\t\t\t\t\t<input size=\"1\" type=\"text\" name=\"form_fields[name]\" id=\"form-field-name\" class=\"elementor-field elementor-size-md  elementor-field-textual\" placeholder=\"Nom, Pr\u00e9nom\">\n\t\t\t\t\t\t\t\t\t\t\t<\/div>\n\t\t\t\t\t\t\t\t<div class=\"elementor-field-type-email elementor-field-group elementor-column elementor-field-group-email elementor-col-100 elementor-field-required\">\n\t\t\t\t\t\t\t\t\t\t\t\t<label for=\"form-field-email\" class=\"elementor-field-label\">\n\t\t\t\t\t\t\t\tVotre E-mail:\t\t\t\t\t\t\t<\/label>\n\t\t\t\t\t\t\t\t\t\t\t\t\t\t<input size=\"1\" type=\"email\" name=\"form_fields[email]\" id=\"form-field-email\" class=\"elementor-field elementor-size-md  elementor-field-textual\" placeholder=\"E-mail\" required=\"required\">\n\t\t\t\t\t\t\t\t\t\t\t<\/div>\n\t\t\t\t\t\t\t\t<div class=\"elementor-field-type-tel elementor-field-group elementor-column elementor-field-group-field_87f4c64 elementor-col-100\">\n\t\t\t\t\t\t\t\t\t\t\t\t<label for=\"form-field-field_87f4c64\" class=\"elementor-field-label\">\n\t\t\t\t\t\t\t\tVotre num\u00e9ro de T\u00e9l\u00e9phone:\t\t\t\t\t\t\t<\/label>\n\t\t\t\t\t\t\t\t<input size=\"1\" type=\"tel\" name=\"form_fields[field_87f4c64]\" id=\"form-field-field_87f4c64\" class=\"elementor-field elementor-size-md  elementor-field-textual\" placeholder=\"T\u00e9l\u00e9phone\" pattern=\"[0-9()#&amp;+*-=.]+\" title=\"Seuls les caract\u00e8res de num\u00e9ros de t\u00e9l\u00e9phone (#, -, *, etc.) sont accept\u00e9s.\">\n\n\t\t\t\t\t\t<\/div>\n\t\t\t\t\t\t\t\t<div class=\"elementor-field-type-textarea elementor-field-group elementor-column elementor-field-group-message elementor-col-100\">\n\t\t\t\t\t\t\t\t\t\t\t\t<label for=\"form-field-message\" class=\"elementor-field-label\">\n\t\t\t\t\t\t\t\tMessage:\t\t\t\t\t\t\t<\/label>\n\t\t\t\t\t\t<textarea class=\"elementor-field-textual elementor-field  elementor-size-md\" name=\"form_fields[message]\" id=\"form-field-message\" rows=\"4\" placeholder=\"Message\"><\/textarea>\t\t\t\t<\/div>\n\t\t\t\t\t\t\t\t<div class=\"elementor-field-group elementor-column elementor-field-type-submit elementor-col-100 e-form__buttons\">\n\t\t\t\t\t<button class=\"elementor-button elementor-size-sm\" type=\"submit\">\n\t\t\t\t\t\t<span class=\"elementor-button-content-wrapper\">\n\t\t\t\t\t\t\t\t\t\t\t\t\t\t\t\t\t\t\t\t\t\t<span class=\"elementor-button-text\">Envoyer<\/span>\n\t\t\t\t\t\t\t\t\t\t\t\t\t<\/span>\n\t\t\t\t\t<\/button>\n\t\t\t\t<\/div>\n\t\t\t<\/div>\n\t\t<\/form>\n\t\t\t\t\t\t<\/div>\n\t\t\t\t<\/div>\n\t\t\t\t\t<\/div>\n\t\t\t\t<\/div>\n\t\t\t\t<\/div>\n\t\t","protected":false},"excerpt":{"rendered":"<p>\ud83d\udcde CONTACTEZ-NOUS L\u2019\u00e9quipe de L\u2019Atelier des Tab vous r\u00e9pond 7j\/7, par t\u00e9l\u00e9phone ou via le formulaire ci-dessous. Contactez-nous Une question ou une r\u00e9servation ? Nous r\u00e9pondons 7j\/7 par t\u00e9l\u00e9phone ou message. \ud83d\udccd Adresse 4 Rue Saint Martin la Corneille 27370 Saint-Pierre-des-Fleurs \ud83d\udcde T\u00e9l\u00e9phone +33 (0)6 20 72 32 38 \u2709\ufe0f Email latelierdestab@gmail.com Suivez-nous sur les [&hellip;]<\/p>\n","protected":false},"author":1,"featured_media":0,"parent":0,"menu_order":0,"comment_status":"closed","ping_status":"closed","template":"","meta":{"footnotes":""},"class_list":["post-361","page","type-page","status-publish","hentry"],"blocksy_meta":{"page_title_panel":"","has_hero_section":"disabled","d37403a753d0cd47dc7799ed731f15c6":"","hero_section":"type-1","hero_elements":[{"id":"custom_title","enabled":true,"heading_tag":"h1","title":"Home"},{"id":"custom_description","enabled":true,"description_visibility":{"desktop":true,"tablet":true,"mobile":false}},{"id":"custom_meta","enabled":false,"meta_elements":[{"id":"author","enabled":true,"label":"By","has_author_avatar":"yes","avatar_size":25},{"id":"post_date","enabled":true,"label":"On","date_format_source":"default","date_format":"M j, Y"},{"id":"updated_date","enabled":false,"label":"On","date_format_source":"default","date_format":"M j, Y"},{"id":"categories","enabled":false,"label":"In","style":"simple"},{"id":"comments","enabled":true}],"page_meta_elements":{"joined":true,"articles_count":true,"comments":true}},{"id":"breadcrumbs","enabled":false}],"bb3625a6eba6a4c6c41eef57c021e9ae":"","hero_alignment1":"CT_CSS_SKIP_RULE","hero_margin":40,"hero_alignment2":"center","hero_vertical_alignment":"center","edf01879eb67995dd4c057587a30b2cf":"","hero_structure":"narrow","dc07aa5eafa5bcf0c6bb7bac0bc96087":"","page_title_bg_type":"featured_image","custom_hero_background":{"attachment_id":null},"page_title_image_size":"full","parallax":{"desktop":false,"tablet":false,"mobile":false},"c77d3cd5d47b431947350d738aebc382":"","hero_height":"250px","pageTitleFont":{"family":"Default","variation":"Default","size":"30px","line-height":"CT_CSS_SKIP_RULE","letter-spacing":"CT_CSS_SKIP_RULE","text-transform":"CT_CSS_SKIP_RULE","text-decoration":"CT_CSS_SKIP_RULE"},"pageTitleFontColor":{"default":{"color":"CT_CSS_SKIP_RULEDEFAULT"}},"pageMetaFont":{"family":"Default","variation":"n6","size":"12px","line-height":"1.3","letter-spacing":"CT_CSS_SKIP_RULE","text-transform":"uppercase","text-decoration":"CT_CSS_SKIP_RULE"},"pageMetaFontColor":{"default":{"color":"CT_CSS_SKIP_RULEDEFAULT"},"hover":{"color":"CT_CSS_SKIP_RULEDEFAULT"}},"page_meta_button_type_font_colors":{"default":{"color":"CT_CSS_SKIP_RULEDEFAULT"},"hover":{"color":"CT_CSS_SKIP_RULEDEFAULT"}},"page_meta_button_type_background_colors":{"default":{"color":"CT_CSS_SKIP_RULEDEFAULT"},"hover":{"color":"CT_CSS_SKIP_RULEDEFAULT"}},"pageExcerptFont":{"family":"Default","variation":"Default","size":"CT_CSS_SKIP_RULE","line-height":"CT_CSS_SKIP_RULE","letter-spacing":"CT_CSS_SKIP_RULE","text-transform":"CT_CSS_SKIP_RULE","text-decoration":"CT_CSS_SKIP_RULE"},"pageExcerptColor":{"default":{"color":"CT_CSS_SKIP_RULEDEFAULT"}},"breadcrumbsFont":{"family":"Default","variation":"Default","size":"CT_CSS_SKIP_RULE","line-height":"CT_CSS_SKIP_RULE","letter-spacing":"CT_CSS_SKIP_RULE","text-transform":"CT_CSS_SKIP_RULE","text-decoration":"CT_CSS_SKIP_RULE"},"breadcrumbsFontColor":{"default":{"color":"CT_CSS_SKIP_RULEDEFAULT"},"initial":{"color":"CT_CSS_SKIP_RULEDEFAULT"},"hover":{"color":"CT_CSS_SKIP_RULEDEFAULT"}},"pageTitleOverlay":{"background_type":"color","background_pattern":"type-1","background_image":{"attachment_id":null,"x":0,"y":0},"gradient":"linear-gradient(135deg,rgba(6,147,227,1) 0%,rgb(155,81,224) 100%)","background_repeat":"repeat","background_size":"auto","background_attachment":"scroll","patternColor":{"default":{"color":"#e5e7ea"}},"overlayColor":{"default":{"color":"CT_CSS_SKIP_RULE"}},"backgroundColor":{"default":{"color":"CT_CSS_SKIP_RULE"}}},"pageTitleBackground":{"background_type":"color","background_pattern":"type-1","background_image":{"attachment_id":null,"x":0,"y":0},"gradient":"linear-gradient(135deg,rgba(6,147,227,1) 0%,rgb(155,81,224) 100%)","background_repeat":"repeat","background_size":"auto","background_attachment":"scroll","patternColor":{"default":{"color":"#e5e7ea"}},"overlayColor":{"default":{"color":"CT_CSS_SKIP_RULE"}},"backgroundColor":{"default":{"color":"var(--theme-palette-color-6)"}}},"pageTitlePadding":{"top":"50px","bottom":"50px","left":"auto","right":"auto","linked":true},"f05474f88f7fc3f1879561049209a23b":"","page_structure_type":"default","b4a621d65c12a14870081c09f99457b9":"","content_style_source":"inherit","content_style":"wide","vertical_spacing_source":"custom","content_area_spacing":"none","background":{"background_type":"color","background_pattern":"type-1","background_image":{"attachment_id":null,"x":0,"y":0},"gradient":"linear-gradient(135deg,rgba(6,147,227,1) 0%,rgb(155,81,224) 100%)","background_repeat":"repeat","background_size":"auto","background_attachment":"scroll","patternColor":{"default":{"color":"#e5e7ea"}},"overlayColor":{"default":{"color":"CT_CSS_SKIP_RULE"}},"backgroundColor":{"default":{"color":"CT_CSS_SKIP_RULE"}}},"content_background":{"background_type":"color","background_pattern":"type-1","background_image":{"attachment_id":null,"x":0,"y":0},"gradient":"linear-gradient(135deg,rgba(6,147,227,1) 0%,rgb(155,81,224) 100%)","background_repeat":"repeat","background_size":"auto","background_attachment":"scroll","patternColor":{"default":{"color":"#e5e7ea"}},"overlayColor":{"default":{"color":"CT_CSS_SKIP_RULE"}},"backgroundColor":{"default":{"color":"var(--theme-palette-color-8)"}}},"content_boxed_shadow":{"inherit":false,"blur":18,"spread":-6,"v_offset":12,"h_offset":0,"inset":false,"enable":true,"color":{"color":"rgba(34, 56, 101, 0.04)"}},"content_boxed_border":{"width":1,"style":"none","color":{"color":"rgba(44,62,80,0.2)"}},"content_boxed_radius":{"top":"3px","bottom":"3px","left":"3px","right":"3px","linked":true},"boxed_content_spacing":{"desktop":{"top":"40px","bottom":"40px","left":"40px","right":"40px","linked":true},"tablet":{"top":"35px","bottom":"35px","left":"35px","right":"35px","linked":true},"mobile":{"top":"20px","bottom":"20px","left":"20px","right":"20px","linked":true}},"6dd49a815fa0c57ce24da63d2f4d4e52":"","disable_featured_image":"no","disable_share_box":"no","disable_header":"no","disable_footer":"no","styles_descriptor":{"styles":{"desktop":"","tablet":"","mobile":""},"google_fonts":[],"version":6}},"_links":{"self":[{"href":"https:\/\/latelierdestab.com\/index.php\/wp-json\/wp\/v2\/pages\/361","targetHints":{"allow":["GET"]}}],"collection":[{"href":"https:\/\/latelierdestab.com\/index.php\/wp-json\/wp\/v2\/pages"}],"about":[{"href":"https:\/\/latelierdestab.com\/index.php\/wp-json\/wp\/v2\/types\/page"}],"author":[{"embeddable":true,"href":"https:\/\/latelierdestab.com\/index.php\/wp-json\/wp\/v2\/users\/1"}],"replies":[{"embeddable":true,"href":"https:\/\/latelierdestab.com\/index.php\/wp-json\/wp\/v2\/comments?post=361"}],"version-history":[{"count":25,"href":"https:\/\/latelierdestab.com\/index.php\/wp-json\/wp\/v2\/pages\/361\/revisions"}],"predecessor-version":[{"id":1881,"href":"https:\/\/latelierdestab.com\/index.php\/wp-json\/wp\/v2\/pages\/361\/revisions\/1881"}],"wp:attachment":[{"href":"https:\/\/latelierdestab.com\/index.php\/wp-json\/wp\/v2\/media?parent=361"}],"curies":[{"name":"wp","href":"https:\/\/api.w.org\/{rel}","templated":true}]}}